{"id":9380,"date":"2023-07-27T18:09:04","date_gmt":"2023-07-27T18:09:04","guid":{"rendered":"https:\/\/orotech.lt\/?post_type=product&#038;p=9380"},"modified":"2024-03-28T10:37:33","modified_gmt":"2024-03-28T10:37:33","slug":"enthalpy-recuperator-blauberg-komfort-ec-s5b270-e","status":"publish","type":"product","link":"https:\/\/orotech.lt\/en\/enthalpy-recuperator-blauberg-komfort-ec-s5b270-e\/","title":{"rendered":"Enthalpy heat recovery unit BLAUBERG KOMFORT EC S5B270-E"},"content":{"rendered":"<p class=\"p-style2\" align=\"justify\">Rekuperatorius vertikalaus jungimo, efektyvumas iki 94% su kry\u017eminio prie\u0161prie\u0161inio srauto bekondensaciniu entalpiniu \u0161ilumokai\u010diu ir &#8222;by-pass&#8221; funkcija. A+ energetin\u0117 klas\u0117. \u012erenginys gali b\u016bti valdomas nuo i\u0161orini\u0173 (dr\u0117gm\u0117s, CO2) davikli\u0173. Valdo oro srauto vo\u017etuvus.<\/p>\n<p><strong>Features:<br \/>\n<\/strong>Maximum capacity -300m3\/hour. New generation cross-counterflow plate enthalpy heat exchanger (does not dehumidify air). The device body is made of porous (EPP) polypropylene (thickness: 15-26mm), which dampens the device&#039;s noise and ensures thermal insulation. High-efficiency, economical EC electric motors with centrifugal impeller. Centrifugal impeller blades are curved backwards. Operating temperature -25*- +60*C.<\/p>\n<p><strong>Additional information:<br \/>\n<\/strong>Valdymas: 3-j\u0173 grei\u010di\u0173 ir &#8222;by-pass&#8221; LED valdymo pultelis S14. Filtr\u0173 keitimo prane\u0161imo ir klaid\u0173 funkcijos. Filtr\u0173 klas\u0117 &#8211; G4 (F7 atskiru u\u017esakmu). Apsauga nuo u\u017e\u0161alimo.<\/p>\n<p><a href=\"https:\/\/orotech.lt\/wp-content\/uploads\/2023\/07\/rekuperatorius-komfort_ec_s5b270_e_s21_wifi-en-1.pdf\">Technical description<\/a><\/p>","protected":false},"excerpt":{"rendered":"<p>Name: Enthalpy heat recovery unit BLAUBERG KOMFORT EC S5B270-E<br \/>\nCapacity m3\/h: 300<br \/>\nHeat exchanger type: Plate enthalpy<br \/>\nDuct diameter (mm): 125<br \/>\nDuct connection: Vertical<br \/>\nProduct connection (flange) diameter (mm): 124<br \/>\nProduct width (mm): 590<br \/>\nProduct height (mm): 893<br \/>\nProduct external depth (length) mm: 316<br \/>\nHeat return up to (%): 94<br \/>\nMaximum power (kW): 0.162<br \/>\nSound pressure, dB: 34<br \/>\nVoltage (V,50\/(60)Hz): 1~230<br \/>\nCurrent (A): 1.2<br \/>\nProtection class (IP): see technical description.<br \/>\nInstallation: Hanging<br \/>\nWeight (kg): 13.5<br \/>\nManufacturer: Blauberg GmbH<\/p>","protected":false},"featured_media":9382,"comment_status":"closed","ping_status":"closed","template":"","meta":[],"product_brand":[],"product_cat":[323,325],"product_tag":[],"class_list":{"0":"post-9380","1":"product","2":"type-product","3":"status-publish","4":"has-post-thumbnail","6":"product_cat-vedinimas","7":"product_cat-rekuperatoriai","9":"first","10":"instock","11":"taxable","12":"shipping-taxable","13":"purchasable","14":"product-type-simple"},"_links":{"self":[{"href":"https:\/\/orotech.lt\/en\/wp-json\/wp\/v2\/product\/9380","targetHints":{"allow":["GET"]}}],"collection":[{"href":"https:\/\/orotech.lt\/en\/wp-json\/wp\/v2\/product"}],"about":[{"href":"https:\/\/orotech.lt\/en\/wp-json\/wp\/v2\/types\/product"}],"replies":[{"embeddable":true,"href":"https:\/\/orotech.lt\/en\/wp-json\/wp\/v2\/comments?post=9380"}],"version-history":[{"count":1,"href":"https:\/\/orotech.lt\/en\/wp-json\/wp\/v2\/product\/9380\/revisions"}],"predecessor-version":[{"id":9383,"href":"https:\/\/orotech.lt\/en\/wp-json\/wp\/v2\/product\/9380\/revisions\/9383"}],"wp:featuredmedia":[{"embeddable":true,"href":"https:\/\/orotech.lt\/en\/wp-json\/wp\/v2\/media\/9382"}],"wp:attachment":[{"href":"https:\/\/orotech.lt\/en\/wp-json\/wp\/v2\/media?parent=9380"}],"wp:term":[{"taxonomy":"product_brand","embeddable":true,"href":"https:\/\/orotech.lt\/en\/wp-json\/wp\/v2\/product_brand?post=9380"},{"taxonomy":"product_cat","embeddable":true,"href":"https:\/\/orotech.lt\/en\/wp-json\/wp\/v2\/product_cat?post=9380"},{"taxonomy":"product_tag","embeddable":true,"href":"https:\/\/orotech.lt\/en\/wp-json\/wp\/v2\/product_tag?post=9380"}],"curies":[{"name":"wp","href":"https:\/\/api.w.org\/{rel}","templated":true}]}}