{"id":9452,"date":"2023-07-31T14:33:15","date_gmt":"2023-07-31T14:33:15","guid":{"rendered":"https:\/\/orotech.lt\/?post_type=product&#038;p=9452"},"modified":"2024-03-28T10:25:47","modified_gmt":"2024-03-28T10:25:47","slug":"enthalpy-recuperator-blauberg-komfort-ec-lb400-e-s21","status":"publish","type":"product","link":"https:\/\/orotech.lt\/en\/enthalpy-recuperator-blauberg-komfort-ec-lb400-e-s21\/","title":{"rendered":"Enthalpy heat recovery unit BLAUBERG KOMFORT EC LB400 E S21"},"content":{"rendered":"<p class=\"p-style2\" align=\"justify\">Rekuperatorius horizontalaus jungimo, efektyvumas 78-89% su kry\u017eminio prie\u0161prie\u0161inio srauto entalpiniu \u0161ilumokai\u010diu ir &#8222;by-pass&#8221; funkcija. \u012erenginys atitinka A+ energetin\u0119 klas\u0119. Numatytas elektrini\u0173 \u0161ildytuv\u0173 (tiekiamam orui i\u0161 lauko ir papildomai \u012f patalpas), sklen\u017ei\u0173 valdymas, ir \u012frenginio darbas nuo dr\u0117gm\u0117s, CO2 ir prie\u0161gaisrini\u0173 davikli\u0173. \u012erenginys valdomas per aplikacij\u0105 telefone.<\/p>\n<p><strong>Features:<br \/>\n<\/strong>Maximum capacity \u2013 540m3\/h. Plate cross-flow heat exchanger. Mineral wool acoustic and thermal insulation \u2013 40mm. High-performance EC economical electric motors. Impeller blades \u2013 backward curved. Operating temperature \u201325\u00b0\u2026 +40\u00b0C.<\/p>\n<p><strong>Additional information:<br \/>\n<\/strong>Control: fully automated via a phone application. If desired, external wired control panels S22, S25 and wireless S22WIFI can be additionally selected. Additional control panels are indicated in the control equipment category. Filter class \u2013 G4 and F7. Frost protection. We recommend installing electric heaters for the supply air in the ducts before the recuperator. Electric heaters are controlled by the recuperator.<\/p>\n<p><a href=\"https:\/\/orotech.lt\/wp-content\/uploads\/2023\/07\/komfort-ec-lb-s21-en.pdf\">Technical description<\/a><\/p>","protected":false},"excerpt":{"rendered":"<p>Name: Enthalpy heat recovery unit BLAUBERG KOMFORT EC LB400 E S21<br \/>\nCapacity m3\/h: 540<br \/>\nHeat exchanger type: Plate enthalpy<br \/>\nDuct diameter (mm): 200<br \/>\nDuct connection: Horizontal<br \/>\nProduct connection (flange) diameter (mm): 197<br \/>\nProduct width (mm): 1191<br \/>\nProduct height (mm): 504<br \/>\nProduct external depth (length) mm: 682<br \/>\nHeat return up to (%): 98<br \/>\nMaximum power (kW): 0.289<br \/>\nSound pressure, dB: 27<br \/>\nVoltage (V,50\/(60)Hz): 1~230<br \/>\nCurrent (A): 2.1<br \/>\nProtection class (IP): see technical description.<br \/>\nInstallation: Freestanding<br \/>\nWeight (kg): 74.8<br \/>\nManufacturer: Blauberg GmbH<\/p>","protected":false},"featured_media":9454,"comment_status":"closed","ping_status":"closed","template":"","meta":[],"product_brand":[],"product_cat":[323,325],"product_tag":[],"class_list":{"0":"post-9452","1":"product","2":"type-product","3":"status-publish","4":"has-post-thumbnail","6":"product_cat-vedinimas","7":"product_cat-rekuperatoriai","9":"first","10":"instock","11":"taxable","12":"shipping-taxable","13":"purchasable","14":"product-type-simple"},"_links":{"self":[{"href":"https:\/\/orotech.lt\/en\/wp-json\/wp\/v2\/product\/9452","targetHints":{"allow":["GET"]}}],"collection":[{"href":"https:\/\/orotech.lt\/en\/wp-json\/wp\/v2\/product"}],"about":[{"href":"https:\/\/orotech.lt\/en\/wp-json\/wp\/v2\/types\/product"}],"replies":[{"embeddable":true,"href":"https:\/\/orotech.lt\/en\/wp-json\/wp\/v2\/comments?post=9452"}],"version-history":[{"count":1,"href":"https:\/\/orotech.lt\/en\/wp-json\/wp\/v2\/product\/9452\/revisions"}],"predecessor-version":[{"id":9455,"href":"https:\/\/orotech.lt\/en\/wp-json\/wp\/v2\/product\/9452\/revisions\/9455"}],"wp:featuredmedia":[{"embeddable":true,"href":"https:\/\/orotech.lt\/en\/wp-json\/wp\/v2\/media\/9454"}],"wp:attachment":[{"href":"https:\/\/orotech.lt\/en\/wp-json\/wp\/v2\/media?parent=9452"}],"wp:term":[{"taxonomy":"product_brand","embeddable":true,"href":"https:\/\/orotech.lt\/en\/wp-json\/wp\/v2\/product_brand?post=9452"},{"taxonomy":"product_cat","embeddable":true,"href":"https:\/\/orotech.lt\/en\/wp-json\/wp\/v2\/product_cat?post=9452"},{"taxonomy":"product_tag","embeddable":true,"href":"https:\/\/orotech.lt\/en\/wp-json\/wp\/v2\/product_tag?post=9452"}],"curies":[{"name":"wp","href":"https:\/\/api.w.org\/{rel}","templated":true}]}}