{"id":9480,"date":"2023-07-31T15:22:47","date_gmt":"2023-07-31T15:22:47","guid":{"rendered":"https:\/\/orotech.lt\/?post_type=product&#038;p=9480"},"modified":"2024-03-28T10:01:51","modified_gmt":"2024-03-28T10:01:51","slug":"plate-heat-exchanger-blauberg-komfort-ec-sb350-s21","status":"publish","type":"product","link":"https:\/\/orotech.lt\/en\/plate-heat-exchanger-blauberg-komfort-ec-sb350-s21\/","title":{"rendered":"Plate heat exchanger BLAUBERG KOMFORT EC SB350 S21"},"content":{"rendered":"<p class=\"p-style2\" align=\"justify\">Rekuperatorius vertikalaus jungimo, efektyvumas 85-92% su kry\u017eminio prie\u0161prie\u0161inio srauto \u0161ilumokai\u010diu ir &#8222;by-pass&#8221; funkcija. \u012erenginys atitinka A+ energetin\u0119 klas\u0119. Numatytas elektrini\u0173 \u0161ildytuv\u0173 (tiekiamam orui i\u0161 lauko ir papildomai \u012f patalpas), sklend\u017ei\u0173 valdymas ir \u012frenginio darbas nuo dr\u0117gm\u0117s, CO2 davikli\u0173. \u012erenginys valdomas per aplikacij\u0105 telefone. Kondensato nuvedimas. \u012erenginys atitinka PASSIVE HOUSE reikalavimus.<\/p>\n<p><strong>Features:<br \/>\n<\/strong>Maximum capacity -450m3\/hour. Cross-counterflow polystyrene plate heat exchanger. Mineral wool acoustic and thermal insulation - 40mm. Economical EC electric motors. Centrifugal impeller blades - forward curved. Control via wireless (WIFI) and internet connection. Operating temperature -25\u00b0\u2026 +40\u00b0C.<\/p>\n<p><strong>Additional information:<br \/>\n<\/strong>Control: fully automated via a phone application. If desired, external wired control panels S22, S25 and wireless S22WIFI can be additionally selected. Additional control panels are indicated in the control equipment category. Filter class \u2013 G4 and F7. Frost protection. We recommend installing electric heaters for the supply air in the ducts before the recuperator. Electric heaters are controlled by the recuperator.<\/p>\n<p><a href=\"https:\/\/orotech.lt\/wp-content\/uploads\/2023\/07\/komfort-ec-sb-s21-en-2.pdf\">Technical description<\/a><\/p>","protected":false},"excerpt":{"rendered":"<p>Name: Plate heat exchanger BLAUBERG KOMFORT EC SB350 S21<br \/>\nCapacity m3\/h: 450<br \/>\nHeat exchanger type: Plate<br \/>\nDuct diameter (mm): 160<br \/>\nDuct connection: Vertical<br \/>\nProduct connection (flange) diameter (mm): 159<br \/>\nProduct width (mm): 730<br \/>\nProduct height (mm): 675<br \/>\nProduct external depth (length) mm: 600<br \/>\nHeat return up to (%): 92<br \/>\nMaximum power (kW): 0.178<br \/>\nSound pressure, dB: 28<br \/>\nVoltage (V,50\/(60)Hz): 1~230<br \/>\nCurrent (A): 1.4<br \/>\nProtection class (IP): see technical description.<br \/>\nInstallation: Freestanding<br \/>\nWeight (kg): 64<br \/>\nManufacturer: Blauberg GmbH<\/p>","protected":false},"featured_media":9482,"comment_status":"closed","ping_status":"closed","template":"","meta":[],"product_brand":[],"product_cat":[323,325],"product_tag":[],"class_list":{"0":"post-9480","1":"product","2":"type-product","3":"status-publish","4":"has-post-thumbnail","6":"product_cat-vedinimas","7":"product_cat-rekuperatoriai","9":"first","10":"instock","11":"taxable","12":"shipping-taxable","13":"purchasable","14":"product-type-simple"},"_links":{"self":[{"href":"https:\/\/orotech.lt\/en\/wp-json\/wp\/v2\/product\/9480","targetHints":{"allow":["GET"]}}],"collection":[{"href":"https:\/\/orotech.lt\/en\/wp-json\/wp\/v2\/product"}],"about":[{"href":"https:\/\/orotech.lt\/en\/wp-json\/wp\/v2\/types\/product"}],"replies":[{"embeddable":true,"href":"https:\/\/orotech.lt\/en\/wp-json\/wp\/v2\/comments?post=9480"}],"version-history":[{"count":1,"href":"https:\/\/orotech.lt\/en\/wp-json\/wp\/v2\/product\/9480\/revisions"}],"predecessor-version":[{"id":9483,"href":"https:\/\/orotech.lt\/en\/wp-json\/wp\/v2\/product\/9480\/revisions\/9483"}],"wp:featuredmedia":[{"embeddable":true,"href":"https:\/\/orotech.lt\/en\/wp-json\/wp\/v2\/media\/9482"}],"wp:attachment":[{"href":"https:\/\/orotech.lt\/en\/wp-json\/wp\/v2\/media?parent=9480"}],"wp:term":[{"taxonomy":"product_brand","embeddable":true,"href":"https:\/\/orotech.lt\/en\/wp-json\/wp\/v2\/product_brand?post=9480"},{"taxonomy":"product_cat","embeddable":true,"href":"https:\/\/orotech.lt\/en\/wp-json\/wp\/v2\/product_cat?post=9480"},{"taxonomy":"product_tag","embeddable":true,"href":"https:\/\/orotech.lt\/en\/wp-json\/wp\/v2\/product_tag?post=9480"}],"curies":[{"name":"wp","href":"https:\/\/api.w.org\/{rel}","templated":true}]}}