{"id":9493,"date":"2023-08-01T15:40:14","date_gmt":"2023-08-01T15:40:14","guid":{"rendered":"https:\/\/orotech.lt\/?post_type=product&#038;p=9493"},"modified":"2024-03-28T09:58:20","modified_gmt":"2024-03-28T09:58:20","slug":"plate-heat-exchanger-blauberg-komfort-ec-db350-with-automatic-control-and-remote-control-s14","status":"publish","type":"product","link":"https:\/\/orotech.lt\/en\/plate-heat-exchanger-blauberg-komfort-ec-db350-with-automatic-control-and-remote-control-s14\/","title":{"rendered":"Plate heat exchanger Blauberg KOMFORT EC DB350 with automatic control and S14 remote control"},"content":{"rendered":"<p class=\"p-style2\" align=\"justify\">Rekuperatorius horizontalaus jungimo, efektyvumas iki 91% su kry\u017eminio prie\u0161prie\u0161inio srauto \u0161ilumokai\u010diu ir &#8222;by-pass&#8221; funkcija. \u012erenginys atitinka &#8222;Passive house&#8221; reikalavimus. A energetin\u0117 klas\u0117.<\/p>\n<p><strong>Features:<br \/>\n<\/strong>Maksimalus na\u0161umas -410m3\/val. Plok\u0161telinis kry\u017eminio prie\u0161prie\u0161inio srauto plastikinis \u0161ilumokaitis. Mineralin\u0117s vatos akustin\u0117 ir \u0161ilumos izoliacija &#8211; 40mm. Ekonomi\u0161ki EC elektros varikliai. I\u0161centrin\u0117s sparnuot\u0117s mentel\u0117s &#8211; lenktos atgal. Darbin\u0117 temperat\u016bra -25*- +60*C. \u012erenginys atitinka &#8222;Passive house&#8221; reikalavimus.<\/p>\n<p><strong>Additional information:<br \/>\n<\/strong>Control: included control panel S14 with remote control and PC programming. Filter class \u2013 G4 (F7 available). Frost protection.<\/p>\n<p><a href=\"https:\/\/orotech.lt\/wp-content\/uploads\/2023\/08\/komfort-ec-db-en.pdf\">Technical description<\/a><\/p>","protected":false},"excerpt":{"rendered":"<p>Name: Plate heat exchanger Blauberg KOMFORT EC DB350 with control automation and remote control S14<br \/>\nCapacity m3\/h: 410<br \/>\nHeat exchanger type: Plate<br \/>\nDuct diameter (mm): 160<br \/>\nDuct connection: Horizontal<br \/>\nProduct connection (flange) diameter (mm): 159<br \/>\nProduct width (mm): 1135<br \/>\nProduct height (mm): 340<br \/>\nProduct external depth (length) mm: 754<br \/>\nHeat return up to (%): 91<br \/>\nMaximum power (kW): 0.17<br \/>\nSound pressure, dB: 58<br \/>\nVoltage (V,50\/(60)Hz): 1~230<br \/>\nCurrent (A): 1.3<br \/>\nProtection class (IP): see technical description.<br \/>\nInstallation: Freestanding<br \/>\nWeight (kg): 4<br \/>\nManufacturer: Blauberg GmbH<\/p>","protected":false},"featured_media":9495,"comment_status":"closed","ping_status":"closed","template":"","meta":[],"product_brand":[],"product_cat":[323,325],"product_tag":[],"class_list":{"0":"post-9493","1":"product","2":"type-product","3":"status-publish","4":"has-post-thumbnail","6":"product_cat-vedinimas","7":"product_cat-rekuperatoriai","9":"first","10":"instock","11":"sale","12":"taxable","13":"shipping-taxable","14":"purchasable","15":"product-type-simple"},"_links":{"self":[{"href":"https:\/\/orotech.lt\/en\/wp-json\/wp\/v2\/product\/9493","targetHints":{"allow":["GET"]}}],"collection":[{"href":"https:\/\/orotech.lt\/en\/wp-json\/wp\/v2\/product"}],"about":[{"href":"https:\/\/orotech.lt\/en\/wp-json\/wp\/v2\/types\/product"}],"replies":[{"embeddable":true,"href":"https:\/\/orotech.lt\/en\/wp-json\/wp\/v2\/comments?post=9493"}],"version-history":[{"count":1,"href":"https:\/\/orotech.lt\/en\/wp-json\/wp\/v2\/product\/9493\/revisions"}],"predecessor-version":[{"id":9496,"href":"https:\/\/orotech.lt\/en\/wp-json\/wp\/v2\/product\/9493\/revisions\/9496"}],"wp:featuredmedia":[{"embeddable":true,"href":"https:\/\/orotech.lt\/en\/wp-json\/wp\/v2\/media\/9495"}],"wp:attachment":[{"href":"https:\/\/orotech.lt\/en\/wp-json\/wp\/v2\/media?parent=9493"}],"wp:term":[{"taxonomy":"product_brand","embeddable":true,"href":"https:\/\/orotech.lt\/en\/wp-json\/wp\/v2\/product_brand?post=9493"},{"taxonomy":"product_cat","embeddable":true,"href":"https:\/\/orotech.lt\/en\/wp-json\/wp\/v2\/product_cat?post=9493"},{"taxonomy":"product_tag","embeddable":true,"href":"https:\/\/orotech.lt\/en\/wp-json\/wp\/v2\/product_tag?post=9493"}],"curies":[{"name":"wp","href":"https:\/\/api.w.org\/{rel}","templated":true}]}}