{"id":9562,"date":"2023-08-09T15:31:14","date_gmt":"2023-08-09T15:31:14","guid":{"rendered":"https:\/\/orotech.lt\/?post_type=product&#038;p=9562"},"modified":"2024-03-28T09:47:14","modified_gmt":"2024-03-28T09:47:14","slug":"plate-heat-exchanger-vents-vut-1000h","status":"publish","type":"product","link":"https:\/\/orotech.lt\/en\/plate-heat-exchanger-vents-vut-1000h\/","title":{"rendered":"Plate heat exchanger VENTS VUT 1000H"},"content":{"rendered":"<p class=\"p-style2\" align=\"justify\">Horizontally connected recuperator, efficiency up to 88% with cross-flow heat exchanger.<\/p>\n<p><strong>Features:<br \/>\n<\/strong>Maximum capacity -1000m3\/hour. Plate cross-flow plastic heat exchanger. Mineral wool acoustic and thermal insulation - 50mm. Centrifugal double-suction bearings, long-lasting electric motors. Impeller blades - forward curved. Operating temperature -25*- +40*C.<\/p>\n<p><strong>Additional information:<br \/>\n<\/strong>Valdymas: trij\u0173 grei\u010di\u0173 jungikliu P3-1-300. Filtr\u0173 klas\u0117 &#8211; G4 ir F7. Apsauga nuo u\u017e\u0161alimo. Vasaros &#8222;by-pass&#8221; kaset\u0117 VL VUT 1000H (u\u017esakomas atskirai).<\/p>\n<p><a href=\"https:\/\/orotech.lt\/wp-content\/uploads\/2023\/08\/vut350-2000h-en.pdf\">Technical description<\/a><\/p>","protected":false},"excerpt":{"rendered":"<p>Name: Plate heat exchanger VENTS VUT 1000H<br \/>\nCapacity m3\/h: 1200<br \/>\nHeat exchanger type: Plate<br \/>\nDuct diameter (mm): 250<br \/>\nDuct connection: Horizontal<br \/>\nProduct connection (flange) diameter (mm): 248<br \/>\nProduct width (mm): 850<br \/>\nProduct height (mm): 794<br \/>\nProduct external depth (length) mm: 548<br \/>\nHeat return up to (%): 85<br \/>\nMaximum power (kW): 0.82<br \/>\nSound pressure, dB: 60<br \/>\nVoltage (V,50\/(60)Hz): 1~230<br \/>\nCurrent (A): 3.6<br \/>\nProtection class (IP): see technical description.<br \/>\nInstallation: Freestanding<br \/>\nWeight (kg): 85<br \/>\nManufacturer: Ventilation-systems JSC<\/p>","protected":false},"featured_media":9564,"comment_status":"closed","ping_status":"closed","template":"","meta":[],"product_brand":[],"product_cat":[323,325],"product_tag":[],"class_list":{"0":"post-9562","1":"product","2":"type-product","3":"status-publish","4":"has-post-thumbnail","6":"product_cat-vedinimas","7":"product_cat-rekuperatoriai","9":"first","10":"instock","11":"taxable","12":"shipping-taxable","13":"purchasable","14":"product-type-simple"},"_links":{"self":[{"href":"https:\/\/orotech.lt\/en\/wp-json\/wp\/v2\/product\/9562","targetHints":{"allow":["GET"]}}],"collection":[{"href":"https:\/\/orotech.lt\/en\/wp-json\/wp\/v2\/product"}],"about":[{"href":"https:\/\/orotech.lt\/en\/wp-json\/wp\/v2\/types\/product"}],"replies":[{"embeddable":true,"href":"https:\/\/orotech.lt\/en\/wp-json\/wp\/v2\/comments?post=9562"}],"version-history":[{"count":2,"href":"https:\/\/orotech.lt\/en\/wp-json\/wp\/v2\/product\/9562\/revisions"}],"predecessor-version":[{"id":9570,"href":"https:\/\/orotech.lt\/en\/wp-json\/wp\/v2\/product\/9562\/revisions\/9570"}],"wp:featuredmedia":[{"embeddable":true,"href":"https:\/\/orotech.lt\/en\/wp-json\/wp\/v2\/media\/9564"}],"wp:attachment":[{"href":"https:\/\/orotech.lt\/en\/wp-json\/wp\/v2\/media?parent=9562"}],"wp:term":[{"taxonomy":"product_brand","embeddable":true,"href":"https:\/\/orotech.lt\/en\/wp-json\/wp\/v2\/product_brand?post=9562"},{"taxonomy":"product_cat","embeddable":true,"href":"https:\/\/orotech.lt\/en\/wp-json\/wp\/v2\/product_cat?post=9562"},{"taxonomy":"product_tag","embeddable":true,"href":"https:\/\/orotech.lt\/en\/wp-json\/wp\/v2\/product_tag?post=9562"}],"curies":[{"name":"wp","href":"https:\/\/api.w.org\/{rel}","templated":true}]}}