{"id":9566,"date":"2023-08-09T15:36:03","date_gmt":"2023-08-09T15:36:03","guid":{"rendered":"https:\/\/orotech.lt\/?post_type=product&#038;p=9566"},"modified":"2024-03-28T09:46:05","modified_gmt":"2024-03-28T09:46:05","slug":"plate-heat-exchanger-vents-vut-2000h","status":"publish","type":"product","link":"https:\/\/orotech.lt\/en\/plate-heat-exchanger-vents-vut-2000h\/","title":{"rendered":"Plate heat exchanger VENTS VUT 2000H"},"content":{"rendered":"<p class=\"p-style2\" align=\"justify\">Horizontally connected recuperator, efficiency up to 87% with cross-flow heat exchanger.<\/p>\n<p><strong>Features:<br \/>\n<\/strong>Maximum capacity -2000m3\/hour. Cross-flow plastic plate heat exchanger. Mineral wool acoustic and thermal insulation - 50mm. Centrifugal double-suction bearings, long-lasting electric motors. Impeller blades - forward curved. Operating temperature -25*- +40*C.<\/p>\n<p><strong>Additional information:<br \/>\n<\/strong>Valdymas: trij\u0173 grei\u010di\u0173 jungikliu P3-1-300. Filtr\u0173 klas\u0117 &#8211; G4 ir F7. Apsauga nuo u\u017e\u0161alimo. Vasaros &#8222;by-pass&#8221; kaset\u0117 VL VUT 2000H (u\u017esakomas atskirai).<\/p>\n<p><a href=\"https:\/\/orotech.lt\/wp-content\/uploads\/2023\/08\/vut350-2000h-en-1.pdf\">Technical description<\/a><\/p>","protected":false},"excerpt":{"rendered":"<p>Name: Plate heat exchanger VENTS VUT 2000H<br \/>\nCapacity m3\/h: 2200<br \/>\nHeat exchanger type: Plate<br \/>\nDuct diameter (mm): 315<br \/>\nDuct connection: Horizontal<br \/>\nProduct connection (flange) diameter (mm): 313<br \/>\nProduct width (mm): 1050<br \/>\nProduct height (mm): 968<br \/>\nProduct external depth (length) mm: 846<br \/>\nHeat return up to (%): 96<br \/>\nMaximum power (kW): 1.3<br \/>\nSound pressure, dB: 65<br \/>\nVoltage (V,50\/(60)Hz): 1~230<br \/>\nCurrent (A): 5.68<br \/>\nProtection class (IP): see technical description.<br \/>\nInstallation: Freestanding<br \/>\nWeight (kg): 96<br \/>\nManufacturer: Ventilation-systems JSC<\/p>","protected":false},"featured_media":9568,"comment_status":"closed","ping_status":"closed","template":"","meta":[],"product_brand":[],"product_cat":[323,325],"product_tag":[],"class_list":{"0":"post-9566","1":"product","2":"type-product","3":"status-publish","4":"has-post-thumbnail","6":"product_cat-vedinimas","7":"product_cat-rekuperatoriai","9":"first","10":"instock","11":"taxable","12":"shipping-taxable","13":"purchasable","14":"product-type-simple"},"_links":{"self":[{"href":"https:\/\/orotech.lt\/en\/wp-json\/wp\/v2\/product\/9566","targetHints":{"allow":["GET"]}}],"collection":[{"href":"https:\/\/orotech.lt\/en\/wp-json\/wp\/v2\/product"}],"about":[{"href":"https:\/\/orotech.lt\/en\/wp-json\/wp\/v2\/types\/product"}],"replies":[{"embeddable":true,"href":"https:\/\/orotech.lt\/en\/wp-json\/wp\/v2\/comments?post=9566"}],"version-history":[{"count":2,"href":"https:\/\/orotech.lt\/en\/wp-json\/wp\/v2\/product\/9566\/revisions"}],"predecessor-version":[{"id":14075,"href":"https:\/\/orotech.lt\/en\/wp-json\/wp\/v2\/product\/9566\/revisions\/14075"}],"wp:featuredmedia":[{"embeddable":true,"href":"https:\/\/orotech.lt\/en\/wp-json\/wp\/v2\/media\/9568"}],"wp:attachment":[{"href":"https:\/\/orotech.lt\/en\/wp-json\/wp\/v2\/media?parent=9566"}],"wp:term":[{"taxonomy":"product_brand","embeddable":true,"href":"https:\/\/orotech.lt\/en\/wp-json\/wp\/v2\/product_brand?post=9566"},{"taxonomy":"product_cat","embeddable":true,"href":"https:\/\/orotech.lt\/en\/wp-json\/wp\/v2\/product_cat?post=9566"},{"taxonomy":"product_tag","embeddable":true,"href":"https:\/\/orotech.lt\/en\/wp-json\/wp\/v2\/product_tag?post=9566"}],"curies":[{"name":"wp","href":"https:\/\/api.w.org\/{rel}","templated":true}]}}