{"id":9790,"date":"2023-08-25T12:51:59","date_gmt":"2023-08-25T12:51:59","guid":{"rendered":"https:\/\/orotech.lt\/?post_type=product&#038;p=9790"},"modified":"2026-04-13T14:46:00","modified_gmt":"2026-04-13T14:46:00","slug":"fan-blauberg-sileo100t","status":"publish","type":"product","link":"https:\/\/orotech.lt\/en\/fan-blauberg-sileo100t\/","title":{"rendered":"Fan Blauberg SILEO100T"},"content":{"rendered":"<p class=\"p-style2\" align=\"justify\">The highest quality duct fan for demanding customers. Long-lasting. Used for ventilation of residential, work, childcare, educational, medical institutions, hotel premises. Extremely high protection class IP, therefore used in wet rooms: bathrooms, swimming pools, saunas, toilets, etc.<\/p>\n<p><strong>Features:<br \/>\n<\/strong>Guolinis varikliukas, kurio tarnavimo laikas vir\u0161 40000 darbo valand\u0173. Unikali sparnuot\u0117. D\u0117l 2-j\u0173 antivibracini\u0173 tarpini\u0173 pasiekiamas ypa\u010d \u017eemas triuk\u0161mo lygis (25dB). Ma\u017eos elektros vartojimo s\u0105naudos (7.5W). Geriausi techniniai parametrai tarp pana\u0161i\u0173 charakteristik\u0173 kit\u0173 gamintoj\u0173 gaminam\u0173 &#8222;SILENT&#8221; tipo ventiliatori\u0173.<\/p>\n<p><strong>Additional information:<br \/>\n<\/strong>The package includes a timer (2-30min.) and a check valve.<\/p>\n<p><a href=\"https:\/\/orotech.lt\/wp-content\/uploads\/2023\/08\/Sileo-en.pdf\">Technical description<\/a><\/p>","protected":false},"excerpt":{"rendered":"<p>Name: Fan Blauberg SILEO100T<br \/>\nCapacity m3\/h: 97<br \/>\nMaximum power (kW): 0.0075<br \/>\nDuct diameter (mm): 100<br \/>\nProduct connection (flange) diameter (mm): 100<br \/>\nProduct width (mm): 158<br \/>\nProduct height (mm): 158<br \/>\nProduct external depth (length) mm: 107<br \/>\nSound pressure, dB: 25<br \/>\nProtection class (IP): 45<br \/>\nVoltage (V,50\/(60)Hz): 1~230<br \/>\nCurrent (A): 0.049<br \/>\nInstallation: Ceiling or wall-mounted<br \/>\nWeight (kg): 0.58<br \/>\nColor: White<br \/>\nManufacturer: Blauberg GmbH<\/p>","protected":false},"featured_media":9792,"comment_status":"closed","ping_status":"closed","template":"","meta":[],"product_brand":[],"product_cat":[323,327],"product_tag":[],"class_list":{"0":"post-9790","1":"product","2":"type-product","3":"status-publish","4":"has-post-thumbnail","6":"product_cat-vedinimas","7":"product_cat-istraukimo-ventiliatoriai","9":"first","10":"instock","11":"taxable","12":"shipping-taxable","13":"purchasable","14":"product-type-simple"},"_links":{"self":[{"href":"https:\/\/orotech.lt\/en\/wp-json\/wp\/v2\/product\/9790","targetHints":{"allow":["GET"]}}],"collection":[{"href":"https:\/\/orotech.lt\/en\/wp-json\/wp\/v2\/product"}],"about":[{"href":"https:\/\/orotech.lt\/en\/wp-json\/wp\/v2\/types\/product"}],"replies":[{"embeddable":true,"href":"https:\/\/orotech.lt\/en\/wp-json\/wp\/v2\/comments?post=9790"}],"version-history":[{"count":1,"href":"https:\/\/orotech.lt\/en\/wp-json\/wp\/v2\/product\/9790\/revisions"}],"predecessor-version":[{"id":9793,"href":"https:\/\/orotech.lt\/en\/wp-json\/wp\/v2\/product\/9790\/revisions\/9793"}],"wp:featuredmedia":[{"embeddable":true,"href":"https:\/\/orotech.lt\/en\/wp-json\/wp\/v2\/media\/9792"}],"wp:attachment":[{"href":"https:\/\/orotech.lt\/en\/wp-json\/wp\/v2\/media?parent=9790"}],"wp:term":[{"taxonomy":"product_brand","embeddable":true,"href":"https:\/\/orotech.lt\/en\/wp-json\/wp\/v2\/product_brand?post=9790"},{"taxonomy":"product_cat","embeddable":true,"href":"https:\/\/orotech.lt\/en\/wp-json\/wp\/v2\/product_cat?post=9790"},{"taxonomy":"product_tag","embeddable":true,"href":"https:\/\/orotech.lt\/en\/wp-json\/wp\/v2\/product_tag?post=9790"}],"curies":[{"name":"wp","href":"https:\/\/api.w.org\/{rel}","templated":true}]}}